{"id":78,"date":"2018-06-01T09:46:03","date_gmt":"2018-06-01T09:46:03","guid":{"rendered":"http:\/\/boesigergmbh.ch\/?page_id=78"},"modified":"2026-04-20T10:32:35","modified_gmt":"2026-04-20T10:32:35","slug":"home","status":"publish","type":"page","link":"https:\/\/boesigergmbh.ch\/","title":{"rendered":"Home"},"content":{"rendered":"<div id=\"cs-content\" class=\"cs-content\"><div class=\"x-section e78-e1 m26-0 m26-1\"><div class=\"x-container max width e78-e2 m26-5\"><div class=\"x-column x-sm x-1-1 e78-e3 m26-6\"><div class=\"soliloquy-outer-container\" data-soliloquy-loaded=\"0\"><div aria-live=\"polite\" id=\"soliloquy-container-271_1\" class=\"soliloquy-container soliloquy-transition-fade soliloquy-fade soliloquy-controls-active soliloquy-arrows-active  soliloquy-theme-base no-js\" style=\"max-width:960px;margin:0 auto 20px;\"><ul id=\"soliloquy-271_1\" class=\"soliloquy-slider soliloquy-slides soliloquy-wrap soliloquy-clear\"><li aria-hidden=\"true\" class=\"soliloquy-item soliloquy-item-1 soliloquy-id-276 soliloquy-image-slide\" draggable=\"false\" style=\"list-style:none;\"><img decoding=\"async\" id=\"soliloquy-image-276\" class=\"soliloquy-image soliloquy-image-1\" src=\"https:\/\/boesigergmbh.ch\/wp-content\/uploads\/2018\/11\/Empfang-960x300_c.jpg\" alt=\"Empfang\" loading=\"lazy\" \/><\/li><li aria-hidden=\"true\" class=\"soliloquy-item soliloquy-item-2 soliloquy-id-277 soliloquy-image-slide\" draggable=\"false\" style=\"list-style:none;\"><img decoding=\"async\" id=\"soliloquy-image-277\" class=\"soliloquy-image soliloquy-image-2 soliloquy-preload\" src=\"https:\/\/boesigergmbh.ch\/wp-content\/plugins\/soliloquy\/assets\/css\/images\/holder.gif\" data-soliloquy-src=\"https:\/\/boesigergmbh.ch\/wp-content\/uploads\/2018\/11\/Garage-3-960x300_c.jpg\" alt=\"Garage 3\" loading=\"lazy\" \/><\/li><li aria-hidden=\"true\" class=\"soliloquy-item soliloquy-item-3 soliloquy-id-278 soliloquy-image-slide\" draggable=\"false\" style=\"list-style:none;\"><img decoding=\"async\" id=\"soliloquy-image-278\" class=\"soliloquy-image soliloquy-image-3 soliloquy-preload\" src=\"https:\/\/boesigergmbh.ch\/wp-content\/plugins\/soliloquy\/assets\/css\/images\/holder.gif\" data-soliloquy-src=\"https:\/\/boesigergmbh.ch\/wp-content\/uploads\/2018\/11\/Garage-aussen-1-960x300_c.jpg\" alt=\"Garage aussen 1\" loading=\"lazy\" \/><\/li><li aria-hidden=\"true\" class=\"soliloquy-item soliloquy-item-4 soliloquy-id-279 soliloquy-image-slide\" draggable=\"false\" style=\"list-style:none;\"><img decoding=\"async\" id=\"soliloquy-image-279\" class=\"soliloquy-image soliloquy-image-4 soliloquy-preload\" src=\"https:\/\/boesigergmbh.ch\/wp-content\/plugins\/soliloquy\/assets\/css\/images\/holder.gif\" data-soliloquy-src=\"https:\/\/boesigergmbh.ch\/wp-content\/uploads\/2018\/11\/Garage-aussen-2-960x300_c.jpg\" alt=\"Garage aussen 2\" loading=\"lazy\" \/><\/li><li aria-hidden=\"true\" class=\"soliloquy-item soliloquy-item-5 soliloquy-id-280 soliloquy-image-slide\" draggable=\"false\" style=\"list-style:none;\"><img decoding=\"async\" id=\"soliloquy-image-280\" class=\"soliloquy-image soliloquy-image-5 soliloquy-preload\" src=\"https:\/\/boesigergmbh.ch\/wp-content\/plugins\/soliloquy\/assets\/css\/images\/holder.gif\" data-soliloquy-src=\"https:\/\/boesigergmbh.ch\/wp-content\/uploads\/2018\/11\/Garage-aussen-3-960x300_c.jpg\" alt=\"Garage aussen 3\" loading=\"lazy\" \/><\/li><\/ul><\/div><noscript><div class=\"soliloquy-no-js\" style=\"display:none;visibility:hidden;height:0;line-height:0;opacity:0;\"><img decoding=\"async\" class=\"soliloquy-image soliloquy-no-js-image skip-lazy\" src=\"https:\/\/boesigergmbh.ch\/wp-content\/uploads\/2018\/11\/Empfang.jpg\" alt=\"Empfang\" \/><img decoding=\"async\" class=\"soliloquy-image soliloquy-no-js-image skip-lazy\" src=\"https:\/\/boesigergmbh.ch\/wp-content\/uploads\/2018\/11\/Garage-3.jpg\" alt=\"Garage 3\" \/><img decoding=\"async\" class=\"soliloquy-image soliloquy-no-js-image skip-lazy\" src=\"https:\/\/boesigergmbh.ch\/wp-content\/uploads\/2018\/11\/Garage-aussen-1.jpg\" alt=\"Garage aussen 1\" \/><img decoding=\"async\" class=\"soliloquy-image soliloquy-no-js-image skip-lazy\" src=\"https:\/\/boesigergmbh.ch\/wp-content\/uploads\/2018\/11\/Garage-aussen-2.jpg\" alt=\"Garage aussen 2\" \/><img decoding=\"async\" class=\"soliloquy-image soliloquy-no-js-image skip-lazy\" src=\"https:\/\/boesigergmbh.ch\/wp-content\/uploads\/2018\/11\/Garage-aussen-3.jpg\" alt=\"Garage aussen 3\" \/><\/div><\/noscript><\/div><\/div><\/div><\/div><div class=\"x-section e78-e5 m26-1 m26-2\"><div class=\"x-container max width e78-e6 m26-5\"><div class=\"x-column x-sm x-1-1 e78-e7 m26-6\"><h2  class=\"h-custom-headline cs-ta-center sectionHeading h2 accent\" ><span>Unsere Services<\/span><\/h2><\/div><\/div><div class=\"x-container max width e78-e9 m26-5\"><div class=\"x-column x-sm x-1-3 e78-e10 m26-6\"><ul  class=\"x-feature-list\"  data-x-element=\"feature_list\" data-x-params=\"{&quot;animationOffset&quot;:&quot;50&quot;,&quot;animationDelayInitial&quot;:&quot;0&quot;,&quot;animationDelayBetween&quot;:&quot;300&quot;}\"><li  class=\"x-feature-box left-text top-text cf\" style=\" max-width: none;\" data-x-element=\"feature_box\" data-x-params=\"{&quot;child&quot;:true,&quot;graphicAnimation&quot;:&quot;wobble&quot;,&quot;connectorAnimation&quot;:&quot;flipInY&quot;,&quot;alignH&quot;:&quot;left&quot;,&quot;alignV&quot;:&quot;top&quot;}\"><span class=\"x-feature-box-connector full animated-hide\" style=\"font-size: 60px; left: 0; right: calc(100% - 60px); border-left: 2px dashed hsl(0, 100%, 50%);\"><\/span><div class=\"x-feature-box-graphic hexagon \"><div class=\"x-feature-box-graphic-outer hexagon\" style=\" margin-right: 50px;\"><div class=\"x-feature-box-graphic-inner hexagon\" style=\"font-size: 60px; border-color: hsl(3, 81%, 42%);\"><i class=\"x-icon-diagnoses hexagon\" data-x-icon-s=\"&#xf470;\"  style=\"margin: 0 auto; color: #ffffff; background-color: hsl(3, 81%, 42%);\"><\/i><\/div><\/div><\/div><div class=\"x-feature-box-content \"><h4 class=\"x-feature-box-title\">Diagnose, Reparatur, Wartung<\/h4><p class=\"x-feature-box-text\">Fachm\u00e4nnisch gem\u00e4ss Herstellervorschriften.<\/p><\/div><\/li><li  class=\"x-feature-box left-text top-text cf\" style=\" max-width: none;\" data-x-element=\"feature_box\" data-x-params=\"{&quot;child&quot;:true,&quot;graphicAnimation&quot;:&quot;wobble&quot;,&quot;connectorAnimation&quot;:&quot;flipInY&quot;,&quot;alignH&quot;:&quot;left&quot;,&quot;alignV&quot;:&quot;top&quot;}\"><span class=\"x-feature-box-connector full animated-hide\" style=\"font-size: 60px; left: 0; right: calc(100% - 60px); border-left: 2px dashed hsl(0, 100%, 50%);\"><\/span><div class=\"x-feature-box-graphic hexagon \"><div class=\"x-feature-box-graphic-outer hexagon\" style=\" margin-right: 50px;\"><div class=\"x-feature-box-graphic-inner hexagon\" style=\"font-size: 60px; border-color: hsl(3, 81%, 42%);\"><i class=\"x-icon-car hexagon\" data-x-icon-s=\"&#xf1b9;\"  style=\"margin: 0 auto; color: #ffffff; background-color: hsl(3, 81%, 42%);\"><\/i><\/div><\/div><\/div><div class=\"x-feature-box-content \"><h4 class=\"x-feature-box-title\">MFK<\/h4><p class=\"x-feature-box-text\">Bereitstellung und auf Wunsch Vorf\u00fchrung durch uns.<\/p><\/div><\/li><li  class=\"x-feature-box left-text top-text cf\" style=\" max-width: none;\" data-x-element=\"feature_box\" data-x-params=\"{&quot;child&quot;:true,&quot;graphicAnimation&quot;:&quot;wobble&quot;,&quot;connectorAnimation&quot;:&quot;flipInY&quot;,&quot;alignH&quot;:&quot;left&quot;,&quot;alignV&quot;:&quot;top&quot;}\"><span class=\"x-feature-box-connector full animated-hide\" style=\"font-size: 60px; left: 0; right: calc(100% - 60px); border-left: 2px dashed hsl(0, 100%, 50%);\"><\/span><div class=\"x-feature-box-graphic hexagon \"><div class=\"x-feature-box-graphic-outer hexagon\" style=\" margin-right: 50px;\"><div class=\"x-feature-box-graphic-inner hexagon\" style=\"font-size: 60px; border-color: hsl(3, 81%, 42%);\"><i class=\"x-icon-filter hexagon\" data-x-icon-s=\"&#xf0b0;\"  style=\"margin: 0 auto; color: #ffffff; background-color: hsl(3, 81%, 42%);\"><\/i><\/div><\/div><\/div><div class=\"x-feature-box-content \"><h4 class=\"x-feature-box-title\">Katalysator & Partikelfilter Center<\/h4><p class=\"x-feature-box-text\">Ersatzteile f\u00fcr alle Marken, mit einer 2 j\u00e4hrigen Garantie. Reinigung Partikelfilter m\u00f6glich<\/p><\/div><\/li><li  class=\"x-feature-box left-text top-text cf\" style=\" max-width: none;\" data-x-element=\"feature_box\" data-x-params=\"{&quot;child&quot;:true,&quot;graphicAnimation&quot;:&quot;wobble&quot;,&quot;connectorAnimation&quot;:&quot;flipInY&quot;,&quot;alignH&quot;:&quot;left&quot;,&quot;alignV&quot;:&quot;top&quot;}\"><span class=\"x-feature-box-connector full animated-hide\" style=\"font-size: 60px; left: 0; right: calc(100% - 60px); border-left: 2px dashed hsl(0, 100%, 50%);\"><\/span><div class=\"x-feature-box-graphic hexagon \"><div class=\"x-feature-box-graphic-outer hexagon\" style=\" margin-right: 50px;\"><div class=\"x-feature-box-graphic-inner hexagon\" style=\"font-size: 60px; border-color: hsl(0, 77%, 44%);\"><i class=\"x-icon-tv-alt hexagon\" data-x-icon-s=\"&#xf26c;\"  style=\"margin: 0 auto; color: #ffffff; background-color: hsl(0, 77%, 44%);\"><\/i><\/div><\/div><\/div><div class=\"x-feature-box-content \"><h4 class=\"x-feature-box-title\">Reparatur von Telematikger\u00e4ten<\/h4><p class=\"x-feature-box-text\">Wir reparieren f\u00fcr alle g\u00e4ngigen Marken Telematik Ger\u00e4te und Bildschirme. Auch Navigationssysteme.<\/p><\/div><\/li><\/ul><\/div><div class=\"x-column x-sm x-1-3 e78-e16 m26-6\"><ul  class=\"x-feature-list\"  data-x-element=\"feature_list\" data-x-params=\"{&quot;animationOffset&quot;:&quot;50&quot;,&quot;animationDelayInitial&quot;:&quot;0&quot;,&quot;animationDelayBetween&quot;:&quot;300&quot;}\"><li  class=\"x-feature-box left-text top-text cf\" style=\" max-width: none;\" data-x-element=\"feature_box\" data-x-params=\"{&quot;child&quot;:true,&quot;graphicAnimation&quot;:&quot;wobble&quot;,&quot;connectorAnimation&quot;:&quot;flipInY&quot;,&quot;alignH&quot;:&quot;left&quot;,&quot;alignV&quot;:&quot;top&quot;}\"><span class=\"x-feature-box-connector full animated-hide\" style=\"font-size: 60px; left: 0; right: calc(100% - 60px); border-left: 2px dashed hsl(0, 100%, 50%);\"><\/span><div class=\"x-feature-box-graphic hexagon \"><div class=\"x-feature-box-graphic-outer hexagon\" style=\" margin-right: 50px;\"><div class=\"x-feature-box-graphic-inner hexagon\" style=\"font-size: 60px; border-color: hsl(3, 81%, 42%);\"><i class=\"x-icon-dot-circle hexagon\" data-x-icon-s=\"&#xf192;\"  style=\"margin: 0 auto; color: #ffffff; background-color: hsl(3, 81%, 42%);\"><\/i><\/div><\/div><\/div><div class=\"x-feature-box-content \"><h4 class=\"x-feature-box-title\">Reifen Service<\/h4><p class=\"x-feature-box-text\">Wir beraten Sie gerne beim Kauf des schwarzen Goldes.<\/p><\/div><\/li><li  class=\"x-feature-box left-text top-text cf\" style=\" max-width: none;\" data-x-element=\"feature_box\" data-x-params=\"{&quot;child&quot;:true,&quot;graphicAnimation&quot;:&quot;wobble&quot;,&quot;connectorAnimation&quot;:&quot;flipInY&quot;,&quot;alignH&quot;:&quot;left&quot;,&quot;alignV&quot;:&quot;top&quot;}\"><span class=\"x-feature-box-connector full animated-hide\" style=\"font-size: 60px; left: 0; right: calc(100% - 60px); border-left: 2px dashed hsl(0, 100%, 50%);\"><\/span><div class=\"x-feature-box-graphic hexagon \"><div class=\"x-feature-box-graphic-outer hexagon\" style=\" margin-right: 50px;\"><div class=\"x-feature-box-graphic-inner hexagon\" style=\"font-size: 60px; border-color: hsl(3, 81%, 42%);\"><i class=\"x-icon-warehouse hexagon\" data-x-icon-s=\"&#xf494;\"  style=\"margin: 0 auto; color: #ffffff; background-color: hsl(3, 81%, 42%);\"><\/i><\/div><\/div><\/div><div class=\"x-feature-box-content \"><h4 class=\"x-feature-box-title\">Reifen Hotel<\/h4><p class=\"x-feature-box-text\">Bei uns sind Ihre R\u00e4der f\u00fcr den Urlaub gut aufgehoben.<\/p><\/div><\/li><li  class=\"x-feature-box left-text top-text cf\" style=\" max-width: none;\" data-x-element=\"feature_box\" data-x-params=\"{&quot;child&quot;:true,&quot;graphicAnimation&quot;:&quot;wobble&quot;,&quot;connectorAnimation&quot;:&quot;flipInY&quot;,&quot;alignH&quot;:&quot;left&quot;,&quot;alignV&quot;:&quot;top&quot;}\"><span class=\"x-feature-box-connector full animated-hide\" style=\"font-size: 60px; left: 0; right: calc(100% - 60px); border-left: 2px dashed hsl(0, 100%, 50%);\"><\/span><div class=\"x-feature-box-graphic hexagon \"><div class=\"x-feature-box-graphic-outer hexagon\" style=\" margin-right: 50px;\"><div class=\"x-feature-box-graphic-inner hexagon\" style=\"font-size: 60px; border-color: hsl(3, 81%, 42%);\"><i class=\"x-icon-braille hexagon\" data-x-icon-s=\"&#xf2a1;\"  style=\"margin: 0 auto; color: #ffffff; background-color: hsl(3, 81%, 42%);\"><\/i><\/div><\/div><\/div><div class=\"x-feature-box-content \"><h4 class=\"x-feature-box-title\">Bremsen & Auspuffservice<\/h4><p class=\"x-feature-box-text\">Fachm\u00e4nnische Pr\u00fcfung f\u00fcr Ihre Sicherheit.<\/p><\/div><\/li><li  class=\"x-feature-box left-text top-text cf\" style=\" max-width: none;\" data-x-element=\"feature_box\" data-x-params=\"{&quot;child&quot;:true,&quot;graphicAnimation&quot;:&quot;wobble&quot;,&quot;connectorAnimation&quot;:&quot;flipInY&quot;,&quot;alignH&quot;:&quot;left&quot;,&quot;alignV&quot;:&quot;top&quot;}\"><span class=\"x-feature-box-connector full animated-hide\" style=\"font-size: 60px; left: 0; right: calc(100% - 60px); border-left: 2px dashed hsl(0, 100%, 50%);\"><\/span><div class=\"x-feature-box-graphic hexagon \"><div class=\"x-feature-box-graphic-outer hexagon\" style=\" margin-right: 50px;\"><div class=\"x-feature-box-graphic-inner hexagon\" style=\"font-size: 60px; border-color: hsl(1, 78%, 47%);\"><i class=\"x-icon-digital-tachograph hexagon\" data-x-icon-s=\"&#xf566;\"  style=\"margin: 0 auto; color: #ffffff; background-color: hsl(1, 78%, 47%);\"><\/i><\/div><\/div><\/div><div class=\"x-feature-box-content \"><h4 class=\"x-feature-box-title\">Reparatur von Armaturentafel \/ Tacho<\/h4><p class=\"x-feature-box-text\">Wir reparieren f\u00fcr alle g\u00e4ngigen Marken auch Bedienelemente f\u00fcr Licht \/ Wischer<\/p><\/div><\/li><\/ul><\/div><div class=\"x-column x-sm x-1-3 e78-e22 m26-6\"><ul  class=\"x-feature-list\"  data-x-element=\"feature_list\" data-x-params=\"{&quot;animationOffset&quot;:&quot;50&quot;,&quot;animationDelayInitial&quot;:&quot;0&quot;,&quot;animationDelayBetween&quot;:&quot;300&quot;}\"><li  class=\"x-feature-box left-text top-text cf\" style=\" max-width: none;\" data-x-element=\"feature_box\" data-x-params=\"{&quot;child&quot;:true,&quot;graphicAnimation&quot;:&quot;wobble&quot;,&quot;connectorAnimation&quot;:&quot;flipInY&quot;,&quot;alignH&quot;:&quot;left&quot;,&quot;alignV&quot;:&quot;top&quot;}\"><span class=\"x-feature-box-connector full animated-hide\" style=\"font-size: 60px; left: 0; right: calc(100% - 60px); border-left: 2px dashed hsl(0, 100%, 50%);\"><\/span><div class=\"x-feature-box-graphic hexagon \"><div class=\"x-feature-box-graphic-outer hexagon\" style=\" margin-right: 50px;\"><div class=\"x-feature-box-graphic-inner hexagon\" style=\"font-size: 60px; border-color: hsl(3, 81%, 42%);\"><i class=\"x-icon-o-clone hexagon\" data-x-icon-o=\"&#xf24d;\"  style=\"margin: 0 auto; color: #ffffff; background-color: hsl(3, 81%, 42%);\"><\/i><\/div><\/div><\/div><div class=\"x-feature-box-content \"><h4 class=\"x-feature-box-title\">Ersatz und Reparatur von Fahrzeuggl\u00e4sern<\/h4><p class=\"x-feature-box-text\">Ersatz f\u00fcr alle Marken. Wir \u00fcbernehmen auch Abkl\u00e4rung mit Ihrer Versicherung. Mit Ersatzfahrzeug.<\/p><\/div><\/li><li  class=\"x-feature-box left-text top-text cf\" style=\" max-width: none;\" data-x-element=\"feature_box\" data-x-params=\"{&quot;child&quot;:true,&quot;graphicAnimation&quot;:&quot;wobble&quot;,&quot;connectorAnimation&quot;:&quot;flipInY&quot;,&quot;alignH&quot;:&quot;left&quot;,&quot;alignV&quot;:&quot;top&quot;}\"><span class=\"x-feature-box-connector full animated-hide\" style=\"font-size: 60px; left: 0; right: calc(100% - 60px); border-left: 2px dashed hsl(0, 100%, 50%);\"><\/span><div class=\"x-feature-box-graphic hexagon \"><div class=\"x-feature-box-graphic-outer hexagon\" style=\" margin-right: 50px;\"><div class=\"x-feature-box-graphic-inner hexagon\" style=\"font-size: 60px; border-color: hsl(3, 81%, 42%);\"><i class=\"x-icon-lightbulb hexagon\" data-x-icon-s=\"&#xf0eb;\"  style=\"margin: 0 auto; color: #ffffff; background-color: hsl(3, 81%, 42%);\"><\/i><\/div><\/div><\/div><div class=\"x-feature-box-content \"><h4 class=\"x-feature-box-title\">Tagfahrlichter<\/h4><p class=\"x-feature-box-text\">Nachr\u00fcsten von Tagfahrlichter aller Marken.<\/p><\/div><\/li><li  class=\"x-feature-box left-text top-text cf\" style=\" max-width: none;\" data-x-element=\"feature_box\" data-x-params=\"{&quot;child&quot;:true,&quot;graphicAnimation&quot;:&quot;wobble&quot;,&quot;connectorAnimation&quot;:&quot;flipInY&quot;,&quot;alignH&quot;:&quot;left&quot;,&quot;alignV&quot;:&quot;top&quot;}\"><span class=\"x-feature-box-connector full animated-hide\" style=\"font-size: 60px; left: 0; right: calc(100% - 60px); border-left: 2px dashed hsl(0, 100%, 50%);\"><\/span><div class=\"x-feature-box-graphic hexagon \"><div class=\"x-feature-box-graphic-outer hexagon\" style=\" margin-right: 50px;\"><div class=\"x-feature-box-graphic-inner hexagon\" style=\"font-size: 60px; border-color: hsl(3, 81%, 42%);\"><i class=\"x-icon-asterisk hexagon\" data-x-icon-s=\"&#x2a;\"  style=\"margin: 0 auto; color: #ffffff; background-color: hsl(3, 81%, 42%);\"><\/i><\/div><\/div><\/div><div class=\"x-feature-box-content \"><h4 class=\"x-feature-box-title\">Klimaservice & Desinfektion<\/h4><p class=\"x-feature-box-text\">F\u00fcr k\u00fchlere und sauberere Luft.<\/p><\/div><\/li><\/ul><\/div><\/div><\/div><div class=\"x-section e78-e27 m26-1 m26-3\"><div class=\"x-container max width e78-e28 m26-5\"><div class=\"x-column x-sm x-1-1 e78-e29 m26-6\"><h2  class=\"h-custom-headline cs-ta-center sectionHeading h2 accent\" ><span>Unser Team<\/span><\/h2><\/div><\/div><div class=\"x-container max width e78-e31 m26-5\"><div class=\"x-column x-sm x-1-3 e78-e32 m26-6\"><div  class=\"x-card-outer flip-from-left center-vertically\" data-x-element=\"classic_card\"><div class=\"x-card-inner\"><div class=\"x-face-outer front\" style=\"border-width: 8px 8px 8px 8px; border-style: solid; border-color: #2772a4; color: hsl(0, 1%, 23%); background-color: hsl(204, 10%, 94%);\"><div class=\"x-face-inner\"><div class=\"x-face-content\" style=\"padding: 10% 10% 10% 10%;\"><div class=\"x-face-graphic\"><img decoding=\"async\" style=\"margin: 0; width: 100px;\" src=\"https:\/\/boesigergmbh.ch\/wp-content\/uploads\/2018\/10\/1-Marcello.jpg\"><\/div><h4 class=\"x-face-title\">Marcello Tirabassi<\/h4><p class=\"x-face-text\">Gesch\u00e4ftsleiter<\/p><\/div><\/div><\/div><div class=\"x-face-outer back\" style=\"border-width: 8px 8px 8px 8px; border-style: solid; border-color: hsl(1, 98%, 49%); color: #ffffff; background-color: hsla(22, 85%, 52%, 0.83);\"><div class=\"x-face-inner\"><div class=\"x-face-content\" style=\"padding: 10% 10% 10% 10%;\"><h4 class=\"x-face-title\">Technik Narr<\/h4><p class=\"x-face-text\">Biete Citro\u00ebn Erfahrung seit \u00fcber 30 Jahren<\/p><\/div><\/div><\/div><\/div><\/div><\/div><div class=\"x-column x-sm x-1-3 e78-e34 m26-6\"><div  class=\"x-card-outer flip-from-left center-vertically\" data-x-element=\"classic_card\"><div class=\"x-card-inner\"><div class=\"x-face-outer front\" style=\"border-width: 8px 8px 8px 8px; border-style: solid; border-color: #2772a4; color: hsl(0, 1%, 23%); background-color: hsl(204, 10%, 94%);\"><div class=\"x-face-inner\"><div class=\"x-face-content\" style=\"padding: 10% 10% 10% 10%;\"><div class=\"x-face-graphic\"><img decoding=\"async\" style=\"margin: 0; width: 100px;\" src=\"https:\/\/boesigergmbh.ch\/wp-content\/uploads\/2026\/04\/Bruno.jpg\"><\/div><h4 class=\"x-face-title\">Bruno Caruso<\/h4><p class=\"x-face-text\">In Ausbildung<\/p><\/div><\/div><\/div><div class=\"x-face-outer back\" style=\"border-width: 8px 8px 8px 8px; border-style: solid; border-color: hsl(3, 98%, 50%); color: #ffffff; background-color: hsla(22, 85%, 52%, 0.83);\"><div class=\"x-face-inner\"><div class=\"x-face-content\" style=\"padding: 10% 10% 10% 10%;\"><h4 class=\"x-face-title\">Wissbegierig<\/h4><p class=\"x-face-text\">Zu begeistern mit Technik<\/p><\/div><\/div><\/div><\/div><\/div><\/div><div class=\"x-column x-sm x-1-3 e78-e36 m26-6\"><div  class=\"x-card-outer flip-from-left center-vertically\" data-x-element=\"classic_card\"><div class=\"x-card-inner\"><div class=\"x-face-outer front\" style=\"border-width: 8px 8px 8px 8px; border-style: solid; border-color: #2772a4; color: hsl(0, 1%, 23%); background-color: hsl(204, 10%, 94%);\"><div class=\"x-face-inner\"><div class=\"x-face-content\" style=\"padding: 10% 10% 10% 10%;\"><div class=\"x-face-graphic\"><img decoding=\"async\" style=\"margin: 0; width: 100px;\" src=\"https:\/\/boesigergmbh.ch\/wp-content\/uploads\/2018\/10\/3-Lukas.jpg\"><\/div><h4 class=\"x-face-title\">Lukas Germann<\/h4><p class=\"x-face-text\">Automobil Diagnostiker<\/p><\/div><\/div><\/div><div class=\"x-face-outer back\" style=\"border-width: 8px 8px 8px 8px; border-style: solid; border-color: hsl(4, 99%, 50%); color: #ffffff; background-color: hsla(22, 85%, 52%, 0.83);\"><div class=\"x-face-inner\"><div class=\"x-face-content\" style=\"padding: 10% 10% 10% 10%;\"><h4 class=\"x-face-title\">Ami Fan<\/h4><p class=\"x-face-text\">Immer f\u00fcr etwas neues zu begeistern<\/p><\/div><\/div><\/div><\/div><\/div><\/div><\/div><div class=\"x-row x-container max width e78-e38 m26-7 m26-8\"><div class=\"x-row-inner\"><div class=\"x-col e78-e39 m26-9\"><div  class=\"x-card-outer flip-from-left center-vertically\" data-x-element=\"classic_card\"><div class=\"x-card-inner\"><div class=\"x-face-outer front\" style=\"border-width: 8px 8px 8px 8px; border-style: solid; border-color: #2772a4; color: hsl(0, 0%, 3%); background-color: hsla(0, 100%, 50%, 0);\"><div class=\"x-face-inner\"><div class=\"x-face-content\" style=\"padding: 10% 10% 10% 10%;\"><div class=\"x-face-graphic\"><img decoding=\"async\" style=\"margin: 0; width: 100px;\" src=\"https:\/\/boesigergmbh.ch\/wp-content\/uploads\/2023\/06\/Angelia.jpg\"><\/div><h4 class=\"x-face-title\">Ang\u00e9lia Tirabassi<\/h4><p class=\"x-face-text\">B\u00fcrofee<\/p><\/div><\/div><\/div><div class=\"x-face-outer back\" style=\"border-width: 8px 8px 8px 8px; border-style: solid; border-color: #744288; color: #ffffff; background-color: hsla(22, 88%, 44%, 0.83);\"><div class=\"x-face-inner\"><div class=\"x-face-content\" style=\"padding: 10% 10% 10% 10%;\"><h4 class=\"x-face-title\">Allrounderin<\/h4><p class=\"x-face-text\">Die gute Fee im Betrieb<\/p><\/div><\/div><\/div><\/div><\/div><\/div><div class=\"x-col e78-e41 m26-9\"><\/div><div class=\"x-col e78-e42 m26-9\"><\/div><\/div><\/div><\/div><div class=\"x-section e78-e43 m26-1 m26-3 m26-4\"><div class=\"x-container max width e78-e44 m26-5\"><div class=\"x-column x-sm x-1-1 e78-e45 m26-6\"><h2  class=\"h-custom-headline cs-ta-center sectionHeading h3 accent\" ><span>Kontakt & \u00d6ffnungszeiten<\/span><\/h2><\/div><\/div><div class=\"x-container max width e78-e47 m26-5\"><div class=\"x-column x-sm x-2-3 e78-e48 m26-6\"><div class=\"cs-content x-global-block x-global-block-151 e78-e49\"><div class=\"x-section e151-e1 m47-0\"><div class=\"x-container max width e151-e2 m47-1\"><div class=\"x-column x-sm x-1-1 e151-e3 m47-2\"><div class=\"x-frame x-frame-map-google e151-e4 m47-3\"><div class=\"x-frame-inner\"><div class=\"x-map x-map-google\" data-x-element-map-google=\"{&quot;lat&quot;:&quot;47.411726&quot;,&quot;lng&quot;:&quot;8.153534&quot;,&quot;drag&quot;:true,&quot;zoom&quot;:true,&quot;zoomLevel&quot;:&quot;18&quot;,&quot;styles&quot;:&quot;&quot;,&quot;mapId&quot;:&quot;DEMO_MAP_ID&quot;}\" data-x-map-markers=\"[{&quot;lat&quot;:&quot;47.411726&quot;,&quot;lng&quot;:&quot;8.153534&quot;,&quot;content&quot;:&quot;&quot;,&quot;contentStart&quot;:&quot;closed&quot;}]\"><\/div><\/div><\/div><\/div><\/div><\/div><\/div><\/div><div class=\"x-column x-sm x-1-3 e78-e50 m26-6\"><h2  class=\"h-custom-headline h3\" ><span>Finde uns<\/span><\/h2><div class=\"x-text x-content e78-e52 m26-a\"><p><a target=\"_blank\" href=\"https:\/\/www.google.com\/maps\/place\/Garage+B%C3%B6siger+GmbH\/@47.411689,8.153601,19z\/data=!4m5!3m4!1s0x0:0x79229ba9077e056c!8m2!3d47.4117285!4d8.1535296?hl=de-DE\" rel=\"noopener\">Hardstrasse 22a, 5103 Wildegg<\/a><\/p><\/div><h2  class=\"h-custom-headline h3\" ><span>Ruf uns an<\/span><\/h2><div class=\"x-text x-content e78-e54 m26-a\"><p><a href=\"tel:+41628974151\">Tel: +41628974151<\/a><\/p><\/div><h2  class=\"h-custom-headline h3\" ><span>E-Mail uns<\/span><\/h2><div class=\"x-text x-content e78-e56 m26-a\"><p><a href=\"mailto:info@boesigergmbh.ch\">info@boesigergmbh.ch<\/a><\/p><\/div><\/div><\/div><\/div><\/div>\n","protected":false},"excerpt":{"rendered":"<p>Unsere ServicesDiagnose, Reparatur, WartungFachm\u00e4nnisch gem\u00e4ss Herstellervorschriften.MFKBereitstellung und auf Wunsch Vorf\u00fchrung durch uns.Katalysator &#038; Partikelfilter CenterErsatzteile f\u00fcr alle Marken, mit einer 2 j\u00e4hrigen Garantie. Reinigung Partikelfilter m\u00f6glichReparatur von Telematikger\u00e4tenWir reparieren f\u00fcr alle g\u00e4ngigen Marken Telematik Ger\u00e4te und Bildschirme. Auch Navigationssysteme.Reifen ServiceWir beraten Sie gerne beim Kauf des schwarzen Goldes.Reifen HotelBei uns sind Ihre R\u00e4der f\u00fcr den Urlaub gut aufgehoben.Bremsen &#038; AuspuffserviceFachm\u00e4nnische &#8230; <a href=\"https:\/\/boesigergmbh.ch\/\" class=\"more-link\">Read More<\/a><\/p>\n","protected":false},"author":1,"featured_media":0,"parent":0,"menu_order":0,"comment_status":"closed","ping_status":"closed","template":"","meta":{"footnotes":""},"class_list":["post-78","page","type-page","status-publish","hentry","no-post-thumbnail"],"_links":{"self":[{"href":"https:\/\/boesigergmbh.ch\/index.php?rest_route=\/wp\/v2\/pages\/78","targetHints":{"allow":["GET"]}}],"collection":[{"href":"https:\/\/boesigergmbh.ch\/index.php?rest_route=\/wp\/v2\/pages"}],"about":[{"href":"https:\/\/boesigergmbh.ch\/index.php?rest_route=\/wp\/v2\/types\/page"}],"author":[{"embeddable":true,"href":"https:\/\/boesigergmbh.ch\/index.php?rest_route=\/wp\/v2\/users\/1"}],"replies":[{"embeddable":true,"href":"https:\/\/boesigergmbh.ch\/index.php?rest_route=%2Fwp%2Fv2%2Fcomments&post=78"}],"version-history":[{"count":53,"href":"https:\/\/boesigergmbh.ch\/index.php?rest_route=\/wp\/v2\/pages\/78\/revisions"}],"predecessor-version":[{"id":359,"href":"https:\/\/boesigergmbh.ch\/index.php?rest_route=\/wp\/v2\/pages\/78\/revisions\/359"}],"wp:attachment":[{"href":"https:\/\/boesigergmbh.ch\/index.php?rest_route=%2Fwp%2Fv2%2Fmedia&parent=78"}],"curies":[{"name":"wp","href":"https:\/\/api.w.org\/{rel}","templated":true}]}}